{"id":16,"date":"2013-07-21T14:22:27","date_gmt":"2013-07-21T14:22:27","guid":{"rendered":"http:\/\/www.bestattungen-haiger.de\/?page_id=16"},"modified":"2020-11-21T13:27:55","modified_gmt":"2020-11-21T12:27:55","slug":"willkommen","status":"publish","type":"page","link":"https:\/\/www.bestattungen-haiger.de\/","title":{"rendered":"Willkommen"},"content":{"rendered":"<p>Herzlich Willkommen,<\/p>\n<p>wir sind ein alt eingesessenes Beerdigungsinstitut, das seit \u00fcber 60 Jahren in Familienbesitz ist. Eine helfende Hand f\u00fcr Hinterbliebene und Angeh\u00f6rige in religi\u00f6sen, beh\u00f6rdlichen, versicherungstechnischen und juristischen Fragen ist selbstverst\u00e4ndlich.<\/p>\n<p>Sie erreichen uns 24-Stunden unter 02773-4422.<\/p>\n<p><\/p>\n\n\n<figure class=\"wp-block-gallery columns-3 is-cropped wp-block-gallery-1 is-layout-flex wp-block-gallery-is-layout-flex\"><ul class=\"blocks-gallery-grid\"><li class=\"blocks-gallery-item\"><figure><a href=\"http:\/\/www.bestattungen-haiger.de\/wp-content\/uploads\/2020\/11\/bild002.jpg\"><img loading=\"lazy\" decoding=\"async\" width=\"800\" height=\"503\" src=\"http:\/\/www.bestattungen-haiger.de\/wp-content\/uploads\/2020\/11\/bild002.jpg\" alt=\"\" data-id=\"99\" data-full-url=\"http:\/\/www.bestattungen-haiger.de\/wp-content\/uploads\/2020\/11\/bild002.jpg\" data-link=\"http:\/\/www.bestattungen-haiger.de\/?attachment_id=99\" class=\"wp-image-99\" srcset=\"https:\/\/www.bestattungen-haiger.de\/wp-content\/uploads\/2020\/11\/bild002.jpg 800w, https:\/\/www.bestattungen-haiger.de\/wp-content\/uploads\/2020\/11\/bild002-300x189.jpg 300w, https:\/\/www.bestattungen-haiger.de\/wp-content\/uploads\/2020\/11\/bild002-768x483.jpg 768w\" sizes=\"auto, (max-width: 800px) 100vw, 800px\" \/><\/a><\/figure><\/li><li class=\"blocks-gallery-item\"><figure><a href=\"http:\/\/www.bestattungen-haiger.de\/wp-content\/uploads\/2020\/11\/2-4.jpeg\"><img loading=\"lazy\" decoding=\"async\" width=\"1024\" height=\"768\" src=\"http:\/\/www.bestattungen-haiger.de\/wp-content\/uploads\/2020\/11\/2-4-1024x768.jpeg\" alt=\"\" data-id=\"94\" data-full-url=\"http:\/\/www.bestattungen-haiger.de\/wp-content\/uploads\/2020\/11\/2-4.jpeg\" data-link=\"http:\/\/www.bestattungen-haiger.de\/?attachment_id=94\" class=\"wp-image-94\" srcset=\"https:\/\/www.bestattungen-haiger.de\/wp-content\/uploads\/2020\/11\/2-4-1024x768.jpeg 1024w, https:\/\/www.bestattungen-haiger.de\/wp-content\/uploads\/2020\/11\/2-4-300x225.jpeg 300w, https:\/\/www.bestattungen-haiger.de\/wp-content\/uploads\/2020\/11\/2-4-768x576.jpeg 768w, https:\/\/www.bestattungen-haiger.de\/wp-content\/uploads\/2020\/11\/2-4-1536x1152.jpeg 1536w, https:\/\/www.bestattungen-haiger.de\/wp-content\/uploads\/2020\/11\/2-4.jpeg 1600w\" sizes=\"auto, (max-width: 1024px) 100vw, 1024px\" \/><\/a><\/figure><\/li><li class=\"blocks-gallery-item\"><figure><a href=\"http:\/\/www.bestattungen-haiger.de\/wp-content\/uploads\/2020\/11\/16-1-e1605882790335.jpeg\"><img loading=\"lazy\" decoding=\"async\" width=\"1024\" height=\"768\" src=\"http:\/\/www.bestattungen-haiger.de\/wp-content\/uploads\/2020\/11\/16-1-e1605882790335-1024x768.jpeg\" alt=\"\" data-id=\"92\" data-full-url=\"http:\/\/www.bestattungen-haiger.de\/wp-content\/uploads\/2020\/11\/16-1-e1605882790335.jpeg\" data-link=\"http:\/\/www.bestattungen-haiger.de\/?attachment_id=92\" class=\"wp-image-92\" srcset=\"https:\/\/www.bestattungen-haiger.de\/wp-content\/uploads\/2020\/11\/16-1-e1605882790335-1024x768.jpeg 1024w, https:\/\/www.bestattungen-haiger.de\/wp-content\/uploads\/2020\/11\/16-1-e1605882790335-300x225.jpeg 300w, https:\/\/www.bestattungen-haiger.de\/wp-content\/uploads\/2020\/11\/16-1-e1605882790335-768x576.jpeg 768w, https:\/\/www.bestattungen-haiger.de\/wp-content\/uploads\/2020\/11\/16-1-e1605882790335-1536x1152.jpeg 1536w, https:\/\/www.bestattungen-haiger.de\/wp-content\/uploads\/2020\/11\/16-1-e1605882790335.jpeg 1600w\" sizes=\"auto, (max-width: 1024px) 100vw, 1024px\" \/><\/a><\/figure><\/li><\/ul><\/figure>\n\n\n\n<p>weiter Eindr\u00fccke: <a href=\"http:\/\/www.bestattungen-haiger.de\/?page_id=96\">\u00dcber uns<\/a><\/p>\n","protected":false},"excerpt":{"rendered":"<p>Herzlich Willkommen, wir sind ein alt eingesessenes Beerdigungsinstitut, das seit \u00fcber 60 Jahren in Familienbesitz ist. Eine helfende Hand f\u00fcr Hinterbliebene und Angeh\u00f6rige in religi\u00f6sen, beh\u00f6rdlichen, versicherungstechnischen und juristischen Fragen ist selbstverst\u00e4ndlich. Sie erreichen uns 24-Stunden unter 02773-4422. weiter Eindr\u00fccke: &hellip; <a href=\"https:\/\/www.bestattungen-haiger.de\/\">Continue reading <span class=\"meta-nav\">&rarr;<\/span><\/a><\/p>\n","protected":false},"author":1,"featured_media":0,"parent":0,"menu_order":1,"comment_status":"closed","ping_status":"closed","template":"","meta":{"footnotes":""},"class_list":["post-16","page","type-page","status-publish","hentry"],"_links":{"self":[{"href":"https:\/\/www.bestattungen-haiger.de\/index.php?rest_route=\/wp\/v2\/pages\/16","targetHints":{"allow":["GET"]}}],"collection":[{"href":"https:\/\/www.bestattungen-haiger.de\/index.php?rest_route=\/wp\/v2\/pages"}],"about":[{"href":"https:\/\/www.bestattungen-haiger.de\/index.php?rest_route=\/wp\/v2\/types\/page"}],"author":[{"embeddable":true,"href":"https:\/\/www.bestattungen-haiger.de\/index.php?rest_route=\/wp\/v2\/users\/1"}],"replies":[{"embeddable":true,"href":"https:\/\/www.bestattungen-haiger.de\/index.php?rest_route=%2Fwp%2Fv2%2Fcomments&post=16"}],"version-history":[{"count":16,"href":"https:\/\/www.bestattungen-haiger.de\/index.php?rest_route=\/wp\/v2\/pages\/16\/revisions"}],"predecessor-version":[{"id":105,"href":"https:\/\/www.bestattungen-haiger.de\/index.php?rest_route=\/wp\/v2\/pages\/16\/revisions\/105"}],"wp:attachment":[{"href":"https:\/\/www.bestattungen-haiger.de\/index.php?rest_route=%2Fwp%2Fv2%2Fmedia&parent=16"}],"curies":[{"name":"wp","href":"https:\/\/api.w.org\/{rel}","templated":true}]}}