{"id":2,"date":"2013-07-21T13:16:08","date_gmt":"2013-07-21T13:16:08","guid":{"rendered":"http:\/\/www.bestattungen-haiger.de\/?page_id=2"},"modified":"2014-02-24T20:53:38","modified_gmt":"2014-02-24T19:53:38","slug":"sample-page","status":"publish","type":"page","link":"https:\/\/www.bestattungen-haiger.de\/?page_id=2","title":{"rendered":"Leistungen"},"content":{"rendered":"<p>Unsere Leistungen:<\/p>\n<ul>\n<li>Erdbestattung<\/li>\n<li>Feuerbestattung<\/li>\n<li>Seebestattung<\/li>\n<li>Baumbestattung<\/li>\n<li>Anonyme Bestattung<\/li>\n<li>\u00dcberf\u00fchrung im In- und Ausland<\/li>\n<li>Traueranzeigen und Drucksachen<\/li>\n<li>Danksagungen<\/li>\n<li>Erledigung aller Formalit\u00e4ten<\/li>\n<li>Organisation der Trauerfeier<\/li>\n<li>Individuelle Dekoration in der Trauerhalle<\/li>\n<li>Vermittlung von Tr\u00e4gern und Organisten<\/li>\n<li>Auswahl an S\u00e4rgen, Urnen und Sterbew\u00e4sche<\/li>\n<li>Bestattungsvorsorgevertrag<\/li>\n<li>Grabkreuz<\/li>\n<li>Grabrahmen (Holz)<\/li>\n<\/ul>\n","protected":false},"excerpt":{"rendered":"<p>Unsere Leistungen: Erdbestattung Feuerbestattung Seebestattung Baumbestattung Anonyme Bestattung \u00dcberf\u00fchrung im In- und Ausland Traueranzeigen und Drucksachen Danksagungen Erledigung aller Formalit\u00e4ten Organisation der Trauerfeier Individuelle Dekoration in der Trauerhalle Vermittlung von Tr\u00e4gern und Organisten Auswahl an S\u00e4rgen, Urnen und Sterbew\u00e4sche Bestattungsvorsorgevertrag &hellip; <a href=\"https:\/\/www.bestattungen-haiger.de\/?page_id=2\">Continue reading <span class=\"meta-nav\">&rarr;<\/span><\/a><\/p>\n","protected":false},"author":1,"featured_media":0,"parent":0,"menu_order":2,"comment_status":"closed","ping_status":"closed","template":"","meta":{"footnotes":""},"class_list":["post-2","page","type-page","status-publish","hentry"],"_links":{"self":[{"href":"https:\/\/www.bestattungen-haiger.de\/index.php?rest_route=\/wp\/v2\/pages\/2","targetHints":{"allow":["GET"]}}],"collection":[{"href":"https:\/\/www.bestattungen-haiger.de\/index.php?rest_route=\/wp\/v2\/pages"}],"about":[{"href":"https:\/\/www.bestattungen-haiger.de\/index.php?rest_route=\/wp\/v2\/types\/page"}],"author":[{"embeddable":true,"href":"https:\/\/www.bestattungen-haiger.de\/index.php?rest_route=\/wp\/v2\/users\/1"}],"replies":[{"embeddable":true,"href":"https:\/\/www.bestattungen-haiger.de\/index.php?rest_route=%2Fwp%2Fv2%2Fcomments&post=2"}],"version-history":[{"count":9,"href":"https:\/\/www.bestattungen-haiger.de\/index.php?rest_route=\/wp\/v2\/pages\/2\/revisions"}],"predecessor-version":[{"id":33,"href":"https:\/\/www.bestattungen-haiger.de\/index.php?rest_route=\/wp\/v2\/pages\/2\/revisions\/33"}],"wp:attachment":[{"href":"https:\/\/www.bestattungen-haiger.de\/index.php?rest_route=%2Fwp%2Fv2%2Fmedia&parent=2"}],"curies":[{"name":"wp","href":"https:\/\/api.w.org\/{rel}","templated":true}]}}