{"id":39,"date":"2018-08-28T12:27:26","date_gmt":"2018-08-28T10:27:26","guid":{"rendered":"http:\/\/www.bestattungen-haiger.de\/?page_id=39"},"modified":"2018-10-10T15:13:13","modified_gmt":"2018-10-10T13:13:13","slug":"impressum","status":"publish","type":"page","link":"https:\/\/www.bestattungen-haiger.de\/?page_id=39","title":{"rendered":"Impressum und Datenschutz"},"content":{"rendered":"<p><strong>Impressum<\/strong><\/p>\n<p>&nbsp;<\/p>\n<p><strong>Angaben gem\u00e4\u00df \u00a7 5 TMG:<\/strong><\/p>\n<p>Bestattungsinstitut\u00a0 Hermann Lehr<\/p>\n<p>Inh. Rainer Lehr<\/p>\n<p>Aubachstr. 3<\/p>\n<p>35708 Haiger<\/p>\n<p>E-Mail: info@bestattungen-haiger.de<\/p>\n<p>Telefon: 02773\/4422<\/p>\n<p>Fax: 02773\/72445<\/p>\n<p>&nbsp;<\/p>\n<p><strong>Vertretungsberechtigter:<\/strong><\/p>\n<p>Rainer Lehr<\/p>\n<p>Aubachstr. 3<\/p>\n<p>35708 Haiger<\/p>\n<p>&nbsp;<\/p>\n<p><strong>Umsatzsteuer-ID: DE226256988<\/strong><\/p>\n<p>&nbsp;<\/p>\n<p><strong>Streitschlichtung<\/strong><\/p>\n<p>Die Europ\u00e4ische Kommission stellt eine Plattform zur Online-Streitbeilegung (OS) bereit: <a href=\"https:\/\/ec.europa.eu\/consumers\/odr\">https:\/\/ec.europa.eu\/consumers\/odr<\/a>.<\/p>\n<p>Wir sind nicht bereit oder verpflichtet, an Streitbeilegungsverfahren vor einer Verbraucherschlichtungsstelle teilzunehmen.<\/p>\n<p>&nbsp;<\/p>\n<p>&nbsp;<\/p>\n<p><strong>Haftungshinweise<\/strong><\/p>\n<ol>\n<li><strong>Eigene Inhalte<\/strong><\/li>\n<\/ol>\n<p>Als Betreiber dieser Website sind wir gem\u00e4\u00df \u00a7 7 Abs.1 TMG f\u00fcr eigene Inhalte auf diesen Seiten nach den allgemeinen Gesetzen verantwortlich. Nach \u00a7\u00a7 8 bis 10 TMG sind wir als Diensteanbieter jedoch nicht verpflichtet, \u00fcbermittelte oder gespeicherte fremde Informationen zu \u00fcberwachen oder nach Umst\u00e4nden zu forschen, die auf eine rechtswidrige T\u00e4tigkeit hinweisen.<\/p>\n<p>Verpflichtungen zur Entfernung oder Sperrung der Nutzung von Informationen nach den allgemeinen Gesetzen bleiben hiervon unber\u00fchrt. Eine diesbez\u00fcgliche Haftung ist jedoch erst ab dem Zeitpunkt der Kenntnis einer konkreten Rechtsverletzung m\u00f6glich. Bei Bekanntwerden von entsprechenden Rechtsverletzungen werden wir diese Inhalte umgehend entfernen.<\/p>\n<p>&nbsp;<\/p>\n<ol start=\"2\">\n<li><strong>Urheberrecht<\/strong><\/li>\n<\/ol>\n<p>Die durch die Seitenbetreiber erstellten Inhalte und Werke auf diesen Seiten unterliegen dem deutschen Urheberrecht. Die Vervielf\u00e4ltigung, Bearbeitung, Verbreitung und jede Art der Verwertung au\u00dferhalb der Grenzen des Urheberrechtes bed\u00fcrfen der schriftlichen Zustimmung des jeweiligen Autors bzw. Erstellers. Downloads und Kopien dieser Seite sind nur f\u00fcr den privaten, nicht kommerziellen Gebrauch gestattet.<\/p>\n<p>Soweit die Inhalte auf dieser Seite nicht vom Betreiber erstellt wurden, werden die Urheberrechte Dritter beachtet. Insbesondere werden Inhalte Dritter als solche gekennzeichnet. Sollten Sie trotzdem auf eine Urheberrechtsverletzung aufmerksam werden, bitten wir um einen entsprechenden Hinweis. Bei Bekanntwerden von Rechtsverletzungen werden wir derartige Inhalte umgehend entfernen.<\/p>\n<p>&nbsp;<\/p>\n<ol start=\"3\">\n<li><strong>Inhalte anderweitiger Anbieter:<\/strong><\/li>\n<\/ol>\n<p>Die auf diesen Seiten vorhandenen Links zu Inhalten von Internet-Seiten Dritter (&#8220;fremden Inhalten&#8221;) wurden durch den Verantwortlichen nach bestem Wissen und unter Beachtung gr\u00f6\u00dftm\u00f6glicher Sorgfalt erstellt und vermitteln lediglich den Zugang zu &#8220;fremden Inhalten&#8221;. Dabei wurde auf die Vertrauensw\u00fcrdigkeit dritter Anbieter und die Fehlerfreiheit sowie Rechtm\u00e4\u00dfigkeit der &#8220;fremden Inhalte&#8221; besonders geachtet.<\/p>\n<p>Da jedoch der Inhalt von Internetseiten dynamisch ist und sich jederzeit \u00e4ndern kann, ist eine stetige Einzelfallpr\u00fcfung s\u00e4mtlicher Inhalte, auf die ein Link erstellt wurde, nicht in jedem Fall m\u00f6glich. Eine permanente inhaltliche Kontrolle der verlinkten Seiten ist ohne konkrete Anhaltspunkte einer Rechtsverletzung nicht zumutbar. Der Verantwortliche macht sich deshalb den Inhalt von Internet-Seiten Dritter, die mit der eigenen Internetpr\u00e4senz verlinkt sind, insoweit ausdr\u00fccklich nicht zu eigen. F\u00fcr Sch\u00e4den aus der Nutzung oder Nichtnutzung &#8220;fremder Inhalte&#8221; haftet ausschlie\u00dflich der jeweilige Anbieter der Seite, auf die verwiesen wurde. Bei Bekanntwerden von Rechtsverletzungen werden wir derartige Links umgehend entfernen.<\/p>\n<p>&nbsp;<\/p>\n<ol start=\"4\">\n<li><strong>Kontaktdaten<\/strong><\/li>\n<\/ol>\n<p>&nbsp;<\/p>\n<p>Der Verwendung der auf dieser Seite angegebenen Kontaktdaten zum Zwecke der Werbung oder anderer, nicht autorisierter Zwecke, wird hiermit ausdr\u00fccklich widersprochen.<\/p>\n<p>&nbsp;<\/p>\n<p><strong>Datenschutzerkl\u00e4rung<\/strong><\/p>\n<ol>\n<li><strong>Allgemeine Hinweise<\/strong><\/li>\n<\/ol>\n<p>Wir als Betreiber dieser Seiten nehmen den Schutz Ihrer pers\u00f6nlichen Daten sehr ernst. Wir behandeln Ihre personenbezogenen Daten vertraulich und entsprechend der gesetzlichen Datenschutzvorschriften sowie dieser Datenschutzerkl\u00e4rung.<\/p>\n<p>Wenn Sie diese Website benutzen, werden verschiedene personenbezogene Daten erhoben. Personenbezogene Daten sind Daten, mit denen Sie pers\u00f6nlich identifiziert werden k\u00f6nnen. Die vorliegende Datenschutzerkl\u00e4rung erl\u00e4utert, welche Daten wir erheben und wof\u00fcr wir sie nutzen. Sie erl\u00e4utert auch, wie und zu welchem Zweck das geschieht.<\/p>\n<p>Wir weisen darauf hin, dass die Daten\u00fcbertragung im Internet (z.B. bei der Kommunikation per E-Mail) Sicherheitsl\u00fccken aufweisen kann. Ein l\u00fcckenloser Schutz der Daten vor dem Zugriff durch Dritte ist nicht m\u00f6glich.<\/p>\n<p>&nbsp;<\/p>\n<ol>\n<li><strong>Verantwortlicher f\u00fcr die Datenerfassung auf dieser Website<\/strong><\/li>\n<\/ol>\n<p>Verantwortliche Stelle ist die nat\u00fcrliche oder juristische Person, die allein oder gemeinsam mit anderen \u00fcber die Zwecke und Mittel der Verarbeitung von personenbezogenen Daten (z.B. Namen, E-Mail-Adressen o. \u00c4.) entscheidet.<\/p>\n<p>Die verantwortliche Stelle f\u00fcr die Datenverarbeitung auf dieser Website ist:<\/p>\n<p>&nbsp;<\/p>\n<p><strong>Bestattungsinstitut Hermann Lehr<\/strong><\/p>\n<p>Inh. Rainer Lehr<\/p>\n<p>Aubachstr. 3<\/p>\n<p>35708 Haiger<\/p>\n<p>E-Mail: info@bestattungen-haiger.de<\/p>\n<p>Telefon: 02773\/4422<\/p>\n<p>Fax: 02773\/72445<\/p>\n<p>&nbsp;<\/p>\n<ol start=\"2\">\n<li><strong>Wie und wozu erfassen wir Ihre Daten?<\/strong><\/li>\n<\/ol>\n<p>Zum einen erheben wir Ihre Daten dadurch, dass Sie uns diese mitteilen. Hierbei kann es sich z.B. um Daten handeln, die Sie in ein Kontaktformular eingeben.<\/p>\n<p>Zum anderen werden Sie betreffende Daten automatisch beim Besuch der Website durch unsere IT-Systeme erfasst. Das sind vor allem technische Daten (z.B. der Hostname des zugreifenden Rechners oder der eingesetzte Internetbrowser, das genutzte Betriebssystem oder die Uhrzeit des Seitenaufrufs).<\/p>\n<p>Zum einen wird ein Teil der Daten erhoben, um eine fehlerfreie sowie barrierefreie Bereitstellung der Website zu gew\u00e4hrleisten. Zum anderen werden weitere Daten zur Analyse Ihres Nutzerverhaltens verwendet.<\/p>\n<p>&nbsp;<\/p>\n<ol start=\"3\">\n<li><strong>Widerrufsm\u00f6glichkeit<\/strong><\/li>\n<\/ol>\n<p>Viele Datenverarbeitungsvorg\u00e4nge sind nur mit Ihrer ausdr\u00fccklichen Einwilligung m\u00f6glich. Darauf werden Sie in diesen F\u00e4llen entsprechend hingewiesen. Sie k\u00f6nnen eine bereits erteilte Einwilligung jederzeit widerrufen. Dazu reicht eine formlose Mitteilung an uns, z.B. per E-Mail. Die Kontaktdaten finden Sie im Impressum dieser Website. Die Rechtm\u00e4\u00dfigkeit der Verarbeitung bis zum Widerruf bleibt hiervon unber\u00fchrt.<\/p>\n<ol start=\"4\">\n<li><strong>Welche Rechte haben Sie bez\u00fcglich Ihrer Daten?<\/strong><\/li>\n<\/ol>\n<p>Sie haben das Recht,<\/p>\n<ul>\n<li>von uns eine Best\u00e4tigung dar\u00fcber zu verlangen, ob \u00fcber Sie personenbezogene Daten verarbeitet werden; ist dies der Fall, so haben Sie ein Recht auf Auskunft \u00fcber diese personenbezogenen Daten und auf die in Art. 15 DSGVO im einzelnen aufgef\u00fchrten Informationen.<\/li>\n<li>von uns unverz\u00fcglich die Berichtigung Sie betreffender unrichtiger personenbezogener Daten und ggf. die Vervollst\u00e4ndigung unvollst\u00e4ndiger personenbezogener Daten zu verlangen (Art. 16 DSGVO).<\/li>\n<li>von uns zu verlangen, dass Sie betreffende personenbezogene Daten unverz\u00fcglich gel\u00f6scht werden, sofern einer der in Art. 17 DSGVO im einzelnen aufgef\u00fchrten Gr\u00fcnde zutrifft, z. B. wenn die Daten f\u00fcr die verfolgten Zwecke nicht mehr ben\u00f6tigt werden (Recht auf L\u00f6schung).<\/li>\n<li>von uns die Einschr\u00e4nkung der Verarbeitung zu verlangen, wenn eine der in Art. 18 DSGVO aufgef\u00fchrten Voraussetzungen gegeben ist, z. B. wenn Sie Widerspruch gegen die Verarbeitung eingelegt hat, f\u00fcr die Dauer der Pr\u00fcfung durch den Verantwortlichen.<\/li>\n<li>aus Gr\u00fcnden, die sich aus Ihrer besonderen Situation ergeben, jederzeit gegen die Verarbeitung Sie betreffender personenbezogener Daten Widerspruch einzulegen. Wir verarbeiten die personenbezogenen Daten dann nicht mehr, es sei denn, wir k\u00f6nnen zwingende schutzw\u00fcrdige Gr\u00fcnde f\u00fcr die Verarbeitung nachweisen, die Ihre Interessen, Rechte und Freiheiten \u00fcberwiegen, oder die Verarbeitung dient der Geltendmachung, Aus\u00fcbung oder Verteidigung von Rechtsanspr\u00fcchen (Art. 21 DSGVO). Die Rechtm\u00e4\u00dfigkeit der bis zum Widerruf erfolgten Datenverarbeitung bleibt vom Widerruf unber\u00fchrt.<\/li>\n<li>sich oder einem Dritten Daten, die wir auf Grundlage Ihrer Einwilligung oder in Erf\u00fcllung eines Vertrags automatisiert verarbeiten, in einem g\u00e4ngigen, maschinenlesbaren Format aush\u00e4ndigen zu lassen. Sofern Sie die direkte \u00dcbertragung der Daten an einen anderen Verantwortlichen verlangen, erfolgt dies nur, soweit es technisch tats\u00e4chlich umsetzbar ist (Art. 20 DSGVO).<\/li>\n<li>auf Beschwerde bei einer Aufsichtsbeh\u00f6rde, wenn Sie der Ansicht sind, dass die Verarbeitung der Sie betreffenden personenbezogenen Daten gegen die DSGVO verst\u00f6\u00dft (Art. 77 DSGVO). Sie k\u00f6nnen dieses Recht bei einer Aufsichtsbeh\u00f6rde in dem Mitgliedstaat ihres Aufenthaltsorts, ihres Arbeitsplatzes oder des Orts des mutma\u00dflichen Versto\u00dfes geltend machen. Zust\u00e4ndige Aufsichtsbeh\u00f6rde in datenschutzrechtlichen Fragen ist die bzw. der Landesdatenschutzbeauftragte des Bundeslandes, in dem unser Unternehmen seinen Sitz hat. Nachstehend finden Sie die Kontaktdaten der zust\u00e4ndigen Aufsichtsbeh\u00f6rde in Hessen:<\/li>\n<\/ul>\n<p>&nbsp;<\/p>\n<p><strong>Der Hessische Datenschutzbeauftragte<\/strong><\/p>\n<p>Prof. Dr. Michael Ronellenfitsch<\/p>\n<p>Gustav-Stresemann-Ring 1<\/p>\n<p>65189 Wiesbaden<\/p>\n<p>Telefon: 06 11\/140 80<\/p>\n<p>Telefax: 06 11\/14 08-900<\/p>\n<p>E-Mail: poststelle@datenschutz.hessen.de<\/p>\n<p>Homepage: http:\/\/www.datenschutz.hessen.de<\/p>\n<p>&nbsp;<\/p>\n<ol>\n<li><strong>Server-Log-Dateien<\/strong><\/li>\n<\/ol>\n<p>Der Provider der Seiten erhebt und speichert automatisch Informationen in so genannten Server-Log-Dateien, die Ihr Browser automatisch an uns \u00fcbermittelt. Dies sind:<\/p>\n<ul>\n<li>Browsertyp und Browserversion<\/li>\n<li>verwendetes Betriebssystem<\/li>\n<li>IP-Adresse<\/li>\n<li>Hostname des zugreifenden Rechners<\/li>\n<li>Referrer URL<\/li>\n<li>Uhrzeit der Serveranfrage<\/li>\n<\/ul>\n<p>Wir weisen darauf hin, dass eine Zusammenf\u00fchrung dieser \u00fcbermittelten Daten mit anderen Datenquellen nicht vorgenommen wird.<\/p>\n<p>Grundlage f\u00fcr die Datenverarbeitung ist Art. 6 Abs. 1 lit. f DSGVO, der die Verarbeitung von Daten zur Wahrung der berechtigten Interessen des Verantwortlichen gestattet.<\/p>\n<p>&nbsp;<\/p>\n<ul>\n<li><strong>Cookies und Analysetools<\/strong><\/li>\n<\/ul>\n<p>&nbsp;<\/p>\n<p>Wir verwenden auf dieser Website weder Cookies noch Analyse-Tools.<\/p>\n<p>&nbsp;<\/p>\n<h3><\/h3>\n","protected":false},"excerpt":{"rendered":"<p>Impressum &nbsp; Angaben gem\u00e4\u00df \u00a7 5 TMG: Bestattungsinstitut\u00a0 Hermann Lehr Inh. Rainer Lehr Aubachstr. 3 35708 Haiger E-Mail: info@bestattungen-haiger.de Telefon: 02773\/4422 Fax: 02773\/72445 &nbsp; Vertretungsberechtigter: Rainer Lehr Aubachstr. 3 35708 Haiger &nbsp; Umsatzsteuer-ID: DE226256988 &nbsp; Streitschlichtung Die Europ\u00e4ische Kommission stellt &hellip; <a href=\"https:\/\/www.bestattungen-haiger.de\/?page_id=39\">Continue reading <span class=\"meta-nav\">&rarr;<\/span><\/a><\/p>\n","protected":false},"author":1,"featured_media":0,"parent":0,"menu_order":5,"comment_status":"closed","ping_status":"closed","template":"onecolumn-page.php","meta":{"footnotes":""},"class_list":["post-39","page","type-page","status-publish","hentry"],"_links":{"self":[{"href":"https:\/\/www.bestattungen-haiger.de\/index.php?rest_route=\/wp\/v2\/pages\/39","targetHints":{"allow":["GET"]}}],"collection":[{"href":"https:\/\/www.bestattungen-haiger.de\/index.php?rest_route=\/wp\/v2\/pages"}],"about":[{"href":"https:\/\/www.bestattungen-haiger.de\/index.php?rest_route=\/wp\/v2\/types\/page"}],"author":[{"embeddable":true,"href":"https:\/\/www.bestattungen-haiger.de\/index.php?rest_route=\/wp\/v2\/users\/1"}],"replies":[{"embeddable":true,"href":"https:\/\/www.bestattungen-haiger.de\/index.php?rest_route=%2Fwp%2Fv2%2Fcomments&post=39"}],"version-history":[{"count":5,"href":"https:\/\/www.bestattungen-haiger.de\/index.php?rest_route=\/wp\/v2\/pages\/39\/revisions"}],"predecessor-version":[{"id":46,"href":"https:\/\/www.bestattungen-haiger.de\/index.php?rest_route=\/wp\/v2\/pages\/39\/revisions\/46"}],"wp:attachment":[{"href":"https:\/\/www.bestattungen-haiger.de\/index.php?rest_route=%2Fwp%2Fv2%2Fmedia&parent=39"}],"curies":[{"name":"wp","href":"https:\/\/api.w.org\/{rel}","templated":true}]}}